{"id":984,"date":"2020-05-18T10:49:03","date_gmt":"2020-05-18T10:49:03","guid":{"rendered":"https:\/\/fclrconsulting.com\/equipa-de-gestao\/"},"modified":"2020-08-06T12:19:38","modified_gmt":"2020-08-06T11:19:38","slug":"equipa-de-gestao","status":"publish","type":"page","link":"https:\/\/fclrconsulting.com\/pt-pt\/equipa-de-gestao\/","title":{"rendered":"Equipa de Gest\u00e3o"},"content":{"rendered":"\t\t<div data-elementor-type=\"wp-page\" data-elementor-id=\"984\" class=\"elementor elementor-984 elementor-468\">\n\t\t\t\t\t\t<div class=\"elementor-inner\">\n\t\t\t\t<div class=\"elementor-section-wrap\">\n\t\t\t\t\t\t\t\t\t<section class=\"elementor-section elementor-top-section elementor-element elementor-element-30511994 elementor-hidden-phone elementor-section-boxed elementor-section-height-default elementor-section-height-default\" data-id=\"30511994\" data-element_type=\"section\">\n\t\t\t\t\t\t<div class=\"elementor-container elementor-column-gap-default\">\n\t\t\t\t\t\t\t<div class=\"elementor-row\">\n\t\t\t\t\t<div class=\"elementor-column elementor-col-100 elementor-top-column elementor-element elementor-element-1fa9e285\" data-id=\"1fa9e285\" data-element_type=\"column\">\n\t\t\t<div class=\"elementor-column-wrap elementor-element-populated\">\n\t\t\t\t\t\t\t<div class=\"elementor-widget-wrap\">\n\t\t\t\t\t\t<div class=\"elementor-element elementor-element-388074aa elementor-widget elementor-widget-spacer\" data-id=\"388074aa\" data-element_type=\"widget\" data-widget_type=\"spacer.default\">\n\t\t\t\t<div class=\"elementor-widget-container\">\n\t\t\t\t\t<div class=\"elementor-spacer\">\n\t\t\t<div class=\"elementor-spacer-inner\"><\/div>\n\t\t<\/div>\n\t\t\t\t<\/div>\n\t\t\t\t<\/div>\n\t\t\t\t\t\t<\/div>\n\t\t\t\t\t<\/div>\n\t\t<\/div>\n\t\t\t\t\t\t\t\t<\/div>\n\t\t\t\t\t<\/div>\n\t\t<\/section>\n\t\t\t\t<section class=\"elementor-section elementor-top-section elementor-element elementor-element-a1cc7bf elementor-section-boxed elementor-section-height-default elementor-section-height-default\" data-id=\"a1cc7bf\" data-element_type=\"section\">\n\t\t\t\t\t\t<div class=\"elementor-container elementor-column-gap-default\">\n\t\t\t\t\t\t\t<div class=\"elementor-row\">\n\t\t\t\t\t<div class=\"elementor-column elementor-col-100 elementor-top-column elementor-element elementor-element-91052bd\" data-id=\"91052bd\" data-element_type=\"column\">\n\t\t\t<div class=\"elementor-column-wrap elementor-element-populated\">\n\t\t\t\t\t\t\t<div class=\"elementor-widget-wrap\">\n\t\t\t\t\t\t<div class=\"elementor-element elementor-element-c08f56c elementor-widget elementor-widget-heading\" data-id=\"c08f56c\" data-element_type=\"widget\" data-widget_type=\"heading.default\">\n\t\t\t\t<div class=\"elementor-widget-container\">\n\t\t\t<h2 class=\"elementor-heading-title elementor-size-medium\">EQUIPA<\/h2>\t\t<\/div>\n\t\t\t\t<\/div>\n\t\t\t\t\t\t<\/div>\n\t\t\t\t\t<\/div>\n\t\t<\/div>\n\t\t\t\t\t\t\t\t<\/div>\n\t\t\t\t\t<\/div>\n\t\t<\/section>\n\t\t\t\t<section class=\"elementor-section elementor-top-section elementor-element elementor-element-7e95c00 elementor-section-boxed elementor-section-height-default elementor-section-height-default\" data-id=\"7e95c00\" data-element_type=\"section\">\n\t\t\t\t\t\t<div class=\"elementor-container elementor-column-gap-default\">\n\t\t\t\t\t\t\t<div class=\"elementor-row\">\n\t\t\t\t\t\t\t\t\t<\/div>\n\t\t\t\t\t<\/div>\n\t\t<\/section>\n\t\t\t\t<section class=\"elementor-section elementor-top-section elementor-element elementor-element-56c5f8e elementor-section-boxed elementor-section-height-default elementor-section-height-default\" data-id=\"56c5f8e\" data-element_type=\"section\">\n\t\t\t\t\t\t<div class=\"elementor-container elementor-column-gap-default\">\n\t\t\t\t\t\t\t<div class=\"elementor-row\">\n\t\t\t\t\t<div class=\"elementor-column elementor-col-50 elementor-top-column elementor-element elementor-element-c52b54b\" data-id=\"c52b54b\" data-element_type=\"column\" data-settings=\"{&quot;background_background&quot;:&quot;classic&quot;}\">\n\t\t\t<div class=\"elementor-column-wrap elementor-element-populated\">\n\t\t\t\t\t\t\t<div class=\"elementor-widget-wrap\">\n\t\t\t\t\t\t<div class=\"elementor-element elementor-element-8544ce3 eael-team-align-centered elementor-widget elementor-widget-eael-team-member\" data-id=\"8544ce3\" data-element_type=\"widget\" data-widget_type=\"eael-team-member.default\">\n\t\t\t\t<div class=\"elementor-widget-container\">\n\t\t\t\n\n\t<div id=\"eael-team-member-8544ce3\" class=\"eael-team-item eael-team-members-simple \">\n\t\t<div class=\"eael-team-item-inner\">\n\t\t\t<div class=\"eael-team-image\">\n\t\t\t\t<figure>\n\t\t\t\t\t<img decoding=\"async\" src=\"https:\/\/fclrconsulting.com\/wp-content\/uploads\/2020\/05\/400_crop_5ab5174b2d05e_5ab5118e87fcb-236x300.jpg\" alt=\"\">\n\t\t\t\t<\/figure>\n\t\t\t\t\n\t\t\t\t\n\t\t\t<\/div>\n\n\t\t\t<div class=\"eael-team-content\">\n\t\t\t\t<h3 class=\"eael-team-member-name\">Frederico Carvalho<\/h3>\n\t\t\t\t<h4 class=\"eael-team-member-position\">S\u00f3cio-gerente<\/h4>\n\n\t\t\t\t\t\t\t\t\t\t\t\t\t\t<p class=\"eael-team-text\">Coach de Lideran\u00e7a | Mentor | Consultor | Estratega de Transforma\u00e7\u00e3o Digital e de Neg\u00f3cios\n<\/p>\n\t\t\t\t\t\t\t<\/div>\n\t\t<\/div>\n\t<\/div>\n\t\t\t<\/div>\n\t\t\t\t<\/div>\n\t\t\t\t\t\t<\/div>\n\t\t\t\t\t<\/div>\n\t\t<\/div>\n\t\t\t\t<div class=\"elementor-column elementor-col-50 elementor-top-column elementor-element elementor-element-5f9780a\" data-id=\"5f9780a\" data-element_type=\"column\">\n\t\t\t<div class=\"elementor-column-wrap elementor-element-populated\">\n\t\t\t\t\t\t\t<div class=\"elementor-widget-wrap\">\n\t\t\t\t\t\t<div class=\"elementor-element elementor-element-f0800fc elementor-hidden-desktop elementor-hidden-tablet elementor-view-default elementor-widget elementor-widget-icon\" data-id=\"f0800fc\" data-element_type=\"widget\" data-widget_type=\"icon.default\">\n\t\t\t\t<div class=\"elementor-widget-container\">\n\t\t\t\t\t<div class=\"elementor-icon-wrapper\">\n\t\t\t<a class=\"elementor-icon\" href=\"https:\/\/www.linkedin.com\/in\/frederico-carvalho\/\" target=\"_blank\" rel=\"nofollow\">\n\t\t\t<i aria-hidden=\"true\" class=\"fab fa-linkedin\"><\/i>\t\t\t<\/a>\n\t\t<\/div>\n\t\t\t\t<\/div>\n\t\t\t\t<\/div>\n\t\t\t\t<div class=\"elementor-element elementor-element-307f228 elementor-hidden-desktop elementor-hidden-tablet elementor-widget elementor-widget-image\" data-id=\"307f228\" data-element_type=\"widget\" data-widget_type=\"image.default\">\n\t\t\t\t<div class=\"elementor-widget-container\">\n\t\t\t\t\t\t\t\t<div class=\"elementor-image\">\n\t\t\t\t\t\t\t\t\t\t\t\t<img decoding=\"async\" loading=\"lazy\" width=\"150\" height=\"150\" src=\"https:\/\/fclrconsulting.com\/wp-content\/uploads\/2020\/05\/ACC_Visual-150x150.png\" class=\"attachment-thumbnail size-thumbnail wp-image-518\" alt=\"\" srcset=\"https:\/\/fclrconsulting.com\/wp-content\/uploads\/2020\/05\/ACC_Visual-150x150.png 150w, https:\/\/fclrconsulting.com\/wp-content\/uploads\/2020\/05\/ACC_Visual-300x300.png 300w, https:\/\/fclrconsulting.com\/wp-content\/uploads\/2020\/05\/ACC_Visual-100x100.png 100w, https:\/\/fclrconsulting.com\/wp-content\/uploads\/2020\/05\/ACC_Visual.png 340w\" sizes=\"(max-width: 150px) 100vw, 150px\" \/>\t\t\t\t\t\t\t\t\t\t\t\t\t\t<\/div>\n\t\t\t\t\t\t<\/div>\n\t\t\t\t<\/div>\n\t\t\t\t<div class=\"elementor-element elementor-element-04bbbfd elementor-widget elementor-widget-text-editor\" data-id=\"04bbbfd\" data-element_type=\"widget\" data-widget_type=\"text-editor.default\">\n\t\t\t\t<div class=\"elementor-widget-container\">\n\t\t\t\t\t\t\t\t<div class=\"elementor-text-editor elementor-clearfix\">\n\t\t\t\t<p>Frederico tem mais de 20 anos de experi\u00eancia em grandes empresas na ind\u00fastria tecnol\u00f3gica, a maioria dos quais na Intel Corporation onde desempenhou v\u00e1rias fun\u00e7\u00f5es de destaque nomeadamente Country Manager de Portugal e Diretor Regional do Mercado Empresarial para o M\u00e9dio Oriente e Africa. Atrav\u00e9s desta experiencia liderou diversas equipas multiculturais para alcan\u00e7ar resultados estrat\u00e9gicos na regi\u00e3o da EMEA (Europe, Middle East and Africa) e foi respons\u00e1vel por v\u00e1rios processos de (re)desenho organizacional e aquisi\u00e7\u00e3o de talento.<\/p><p>A sua evolu\u00e7\u00e3o para o <i>Mentoring<\/i> e o Coaching \u00e9 resultado do seu reconhecimento da import\u00e2ncia do desenvolvimento da lideran\u00e7a e da sua compreens\u00e3o da import\u00e2ncia de alinhar pol\u00edticas, tecnologias e comportamentos de ado\u00e7\u00e3o de mudan\u00e7a para o sucesso organizacional.<\/p><p>Atualmente apoia organiza\u00e7\u00f5es na sele\u00e7\u00e3o de talento e no desenvolvimento das pessoas, equipas e da pr\u00f3pria organiza\u00e7\u00e3o, atrav\u00e9s de consultoria, coaching e utiliza\u00e7\u00e3o de ferramentas de diagnostico. Empenhado no desenvolvimento humano est\u00e1 tamb\u00e9m envolvido na dissemina\u00e7\u00e3o de tecnologia para melhorar a educa\u00e7\u00e3o e condi\u00e7\u00f5es de vida em Africa. \u00c9 coach com credencia\u00e7\u00e3o ACC, Vice-Presidente Membership na ICF Portugal e mentor no programa de Mentorship da PWN. Tem acredita\u00e7\u00e3o e profunda experiencia em diversas ferramentas de avalia\u00e7\u00e3o de personalidade e diagn\u00f3stico organizacional.<\/p>\t\t\t\t\t<\/div>\n\t\t\t\t\t\t<\/div>\n\t\t\t\t<\/div>\n\t\t\t\t\t\t<\/div>\n\t\t\t\t\t<\/div>\n\t\t<\/div>\n\t\t\t\t\t\t\t\t<\/div>\n\t\t\t\t\t<\/div>\n\t\t<\/section>\n\t\t\t\t<section class=\"elementor-section elementor-top-section elementor-element elementor-element-b93e987 elementor-hidden-phone elementor-section-boxed elementor-section-height-default elementor-section-height-default\" data-id=\"b93e987\" data-element_type=\"section\">\n\t\t\t\t\t\t<div class=\"elementor-container elementor-column-gap-default\">\n\t\t\t\t\t\t\t<div class=\"elementor-row\">\n\t\t\t\t\t<div class=\"elementor-column elementor-col-25 elementor-top-column elementor-element elementor-element-c974969\" data-id=\"c974969\" data-element_type=\"column\" data-settings=\"{&quot;background_background&quot;:&quot;classic&quot;}\">\n\t\t\t<div class=\"elementor-column-wrap elementor-element-populated\">\n\t\t\t\t\t\t\t<div class=\"elementor-widget-wrap\">\n\t\t\t\t\t\t<div class=\"elementor-element elementor-element-89741e7 elementor-view-default elementor-widget elementor-widget-icon\" data-id=\"89741e7\" data-element_type=\"widget\" data-widget_type=\"icon.default\">\n\t\t\t\t<div class=\"elementor-widget-container\">\n\t\t\t\t\t<div class=\"elementor-icon-wrapper\">\n\t\t\t<a class=\"elementor-icon\" href=\"https:\/\/www.linkedin.com\/in\/frederico-carvalho\/\" target=\"_blank\" rel=\"nofollow\">\n\t\t\t<i aria-hidden=\"true\" class=\"fab fa-linkedin\"><\/i>\t\t\t<\/a>\n\t\t<\/div>\n\t\t\t\t<\/div>\n\t\t\t\t<\/div>\n\t\t\t\t\t\t<\/div>\n\t\t\t\t\t<\/div>\n\t\t<\/div>\n\t\t\t\t<div class=\"elementor-column elementor-col-25 elementor-top-column elementor-element elementor-element-ca70917\" data-id=\"ca70917\" data-element_type=\"column\" data-settings=\"{&quot;background_background&quot;:&quot;classic&quot;}\">\n\t\t\t<div class=\"elementor-column-wrap elementor-element-populated\">\n\t\t\t\t\t\t\t<div class=\"elementor-widget-wrap\">\n\t\t\t\t\t\t<div class=\"elementor-element elementor-element-a28d285 elementor-widget elementor-widget-image\" data-id=\"a28d285\" data-element_type=\"widget\" data-widget_type=\"image.default\">\n\t\t\t\t<div class=\"elementor-widget-container\">\n\t\t\t\t\t\t\t\t<div class=\"elementor-image\">\n\t\t\t\t\t\t\t\t\t\t\t\t<img decoding=\"async\" loading=\"lazy\" width=\"150\" height=\"150\" src=\"https:\/\/fclrconsulting.com\/wp-content\/uploads\/2020\/05\/ACC_Visual-150x150.png\" class=\"attachment-thumbnail size-thumbnail wp-image-518\" alt=\"\" srcset=\"https:\/\/fclrconsulting.com\/wp-content\/uploads\/2020\/05\/ACC_Visual-150x150.png 150w, https:\/\/fclrconsulting.com\/wp-content\/uploads\/2020\/05\/ACC_Visual-300x300.png 300w, https:\/\/fclrconsulting.com\/wp-content\/uploads\/2020\/05\/ACC_Visual-100x100.png 100w, https:\/\/fclrconsulting.com\/wp-content\/uploads\/2020\/05\/ACC_Visual.png 340w\" sizes=\"(max-width: 150px) 100vw, 150px\" \/>\t\t\t\t\t\t\t\t\t\t\t\t\t\t<\/div>\n\t\t\t\t\t\t<\/div>\n\t\t\t\t<\/div>\n\t\t\t\t\t\t<\/div>\n\t\t\t\t\t<\/div>\n\t\t<\/div>\n\t\t\t\t<div class=\"elementor-column elementor-col-25 elementor-top-column elementor-element elementor-element-0233ba0\" data-id=\"0233ba0\" data-element_type=\"column\">\n\t\t\t<div class=\"elementor-column-wrap\">\n\t\t\t\t\t\t\t<div class=\"elementor-widget-wrap\">\n\t\t\t\t\t\t\t\t<\/div>\n\t\t\t\t\t<\/div>\n\t\t<\/div>\n\t\t\t\t<div class=\"elementor-column elementor-col-25 elementor-top-column elementor-element elementor-element-c9f7360\" data-id=\"c9f7360\" data-element_type=\"column\">\n\t\t\t<div class=\"elementor-column-wrap\">\n\t\t\t\t\t\t\t<div class=\"elementor-widget-wrap\">\n\t\t\t\t\t\t\t\t<\/div>\n\t\t\t\t\t<\/div>\n\t\t<\/div>\n\t\t\t\t\t\t\t\t<\/div>\n\t\t\t\t\t<\/div>\n\t\t<\/section>\n\t\t\t\t<section class=\"elementor-section elementor-top-section elementor-element elementor-element-4085060 elementor-section-boxed elementor-section-height-default elementor-section-height-default\" data-id=\"4085060\" data-element_type=\"section\">\n\t\t\t\t\t\t<div class=\"elementor-container elementor-column-gap-default\">\n\t\t\t\t\t\t\t<div class=\"elementor-row\">\n\t\t\t\t\t<div class=\"elementor-column elementor-col-100 elementor-top-column elementor-element elementor-element-4ffeeaa\" data-id=\"4ffeeaa\" data-element_type=\"column\">\n\t\t\t<div class=\"elementor-column-wrap elementor-element-populated\">\n\t\t\t\t\t\t\t<div class=\"elementor-widget-wrap\">\n\t\t\t\t\t\t<div class=\"elementor-element elementor-element-159ef76 elementor-widget elementor-widget-spacer\" data-id=\"159ef76\" data-element_type=\"widget\" data-widget_type=\"spacer.default\">\n\t\t\t\t<div class=\"elementor-widget-container\">\n\t\t\t\t\t<div class=\"elementor-spacer\">\n\t\t\t<div class=\"elementor-spacer-inner\"><\/div>\n\t\t<\/div>\n\t\t\t\t<\/div>\n\t\t\t\t<\/div>\n\t\t\t\t\t\t<\/div>\n\t\t\t\t\t<\/div>\n\t\t<\/div>\n\t\t\t\t\t\t\t\t<\/div>\n\t\t\t\t\t<\/div>\n\t\t<\/section>\n\t\t\t\t<section class=\"elementor-section elementor-top-section elementor-element elementor-element-3f87f3a elementor-section-boxed elementor-section-height-default elementor-section-height-default\" data-id=\"3f87f3a\" data-element_type=\"section\">\n\t\t\t\t\t\t<div class=\"elementor-container elementor-column-gap-default\">\n\t\t\t\t\t\t\t<div class=\"elementor-row\">\n\t\t\t\t\t<div class=\"elementor-column elementor-col-100 elementor-top-column elementor-element elementor-element-0653c49\" data-id=\"0653c49\" data-element_type=\"column\">\n\t\t\t<div class=\"elementor-column-wrap elementor-element-populated\">\n\t\t\t\t\t\t\t<div class=\"elementor-widget-wrap\">\n\t\t\t\t\t\t<div class=\"elementor-element elementor-element-11bd3e5 elementor-widget elementor-widget-spacer\" data-id=\"11bd3e5\" data-element_type=\"widget\" data-widget_type=\"spacer.default\">\n\t\t\t\t<div class=\"elementor-widget-container\">\n\t\t\t\t\t<div class=\"elementor-spacer\">\n\t\t\t<div class=\"elementor-spacer-inner\"><\/div>\n\t\t<\/div>\n\t\t\t\t<\/div>\n\t\t\t\t<\/div>\n\t\t\t\t\t\t<\/div>\n\t\t\t\t\t<\/div>\n\t\t<\/div>\n\t\t\t\t\t\t\t\t<\/div>\n\t\t\t\t\t<\/div>\n\t\t<\/section>\n\t\t\t\t\t\t\t\t\t<\/div>\n\t\t\t<\/div>\n\t\t\t\t\t<\/div>\n\t\t","protected":false},"excerpt":{"rendered":"<p>EQUIPA Frederico Carvalho S\u00f3cio-gerente Coach de Lideran\u00e7a | Mentor | Consultor | Estratega de Transforma\u00e7\u00e3o Digital e de Neg\u00f3cios Frederico tem mais de 20 anos de experi\u00eancia em grandes empresas na ind\u00fastria tecnol\u00f3gica, a maioria dos quais na Intel Corporation onde desempenhou v\u00e1rias fun\u00e7\u00f5es de destaque nomeadamente Country Manager de Portugal e Diretor Regional do &hellip;<\/p>\n<p class=\"read-more\"> <a class=\"\" href=\"https:\/\/fclrconsulting.com\/pt-pt\/equipa-de-gestao\/\"> <span class=\"screen-reader-text\">Equipa de Gest\u00e3o<\/span> Read More \u00bb<\/a><\/p>\n","protected":false},"author":1,"featured_media":0,"parent":0,"menu_order":0,"comment_status":"closed","ping_status":"closed","template":"","meta":{"site-sidebar-layout":"no-sidebar","site-content-layout":"page-builder","ast-global-header-display":"","ast-main-header-display":"","ast-hfb-above-header-display":"","ast-hfb-below-header-display":"","ast-hfb-mobile-header-display":"","site-post-title":"disabled","ast-breadcrumbs-content":"","ast-featured-img":"disabled","footer-sml-layout":"","theme-transparent-header-meta":"default","adv-header-id-meta":"","stick-header-meta":"default","header-above-stick-meta":"","header-main-stick-meta":"","header-below-stick-meta":"","footnotes":""},"_links":{"self":[{"href":"https:\/\/fclrconsulting.com\/pt-pt\/wp-json\/wp\/v2\/pages\/984"}],"collection":[{"href":"https:\/\/fclrconsulting.com\/pt-pt\/wp-json\/wp\/v2\/pages"}],"about":[{"href":"https:\/\/fclrconsulting.com\/pt-pt\/wp-json\/wp\/v2\/types\/page"}],"author":[{"embeddable":true,"href":"https:\/\/fclrconsulting.com\/pt-pt\/wp-json\/wp\/v2\/users\/1"}],"replies":[{"embeddable":true,"href":"https:\/\/fclrconsulting.com\/pt-pt\/wp-json\/wp\/v2\/comments?post=984"}],"version-history":[{"count":12,"href":"https:\/\/fclrconsulting.com\/pt-pt\/wp-json\/wp\/v2\/pages\/984\/revisions"}],"predecessor-version":[{"id":2000,"href":"https:\/\/fclrconsulting.com\/pt-pt\/wp-json\/wp\/v2\/pages\/984\/revisions\/2000"}],"wp:attachment":[{"href":"https:\/\/fclrconsulting.com\/pt-pt\/wp-json\/wp\/v2\/media?parent=984"}],"curies":[{"name":"wp","href":"https:\/\/api.w.org\/{rel}","templated":true}]}}